{"id":4566,"date":"2023-03-11T09:15:41","date_gmt":"2023-03-11T09:15:41","guid":{"rendered":"https:\/\/cg-toyoseiki.com\/en\/?post_type=product&#038;p=4566"},"modified":"2023-03-11T09:15:41","modified_gmt":"2023-03-11T09:15:41","slug":"loop-stiffness-tester-no-581","status":"publish","type":"product","link":"https:\/\/cg-toyoseiki.com\/en\/product\/tear-burst-stiffness-testers\/loop-stiffness-tester-no-581\/","title":{"rendered":"Loop Stiffness Tester | No.581"},"content":{"rendered":"<p>The Loop Stiffness Tester evaluates stiffness of thin-film materials by measuring resistance when collapse in loop shape occurs.<\/p>\n<h2>Specifications<\/h2>\n<table>\n<tbody>\n<tr>\n<td>Dimensions of sample<\/td>\n<td>\n<ul>\n<li>Length: 90 to 180mm<\/li>\n<li>Width: 6 to 25.4mm<\/li>\n<li>Thickness: 100 to 250\u03bcm<\/li>\n<\/ul>\n<\/td>\n<\/tr>\n<tr>\n<td>Loop length\u00a0(Effective)<\/td>\n<td>50 to 120mm<\/td>\n<\/tr>\n<tr>\n<td>Load range<\/td>\n<td>\n<ul>\n<li>5000mN (\u00d71)<\/li>\n<li>500mN (\u00d710)<\/li>\n<li>50mN (\u00d7100)<\/li>\n<\/ul>\n<\/td>\n<\/tr>\n<tr>\n<td>Compression rate<\/td>\n<td>3.3mm\/s<\/td>\n<\/tr>\n<tr>\n<td>Interface<\/td>\n<td>RS-232C<\/td>\n<\/tr>\n<tr>\n<td>Power supply<\/td>\n<td>Single-phase, AC100V, 50\/60Hz, 0.3kVA (or specify)<\/td>\n<\/tr>\n<tr>\n<td>Dimensions<\/td>\n<td>W360 \u00d7 D490 \u00d7 H310mm<\/td>\n<\/tr>\n<tr>\n<td>Weight<\/td>\n<td>Approx. 25kg<\/td>\n<\/tr>\n<\/tbody>\n<\/table>\n","protected":false},"excerpt":{"rendered":"<p>The Loop Stiffness Tester evaluates stiffness of thin-film materials by measuring resistance when collapse in loop shape occurs. Specifications Dimensions of sample Length: 90 to 180mm Width: 6 to 25.4mm Thickness: 100 to 250\u03bcm Loop length\u00a0(Effective) 50 to 120mm Load range 5000mN (\u00d71) 500mN (\u00d710) 50mN (\u00d7100) Compression rate 3.3mm\/s Interface RS-232C Power supply Single-phase, <\/p>\n","protected":false},"featured_media":4567,"template":"","meta":[],"class_list":["post-4566","product","type-product","status-publish","has-post-thumbnail","hentry","product_cat-tear-burst-stiffness-testers"],"_links":{"self":[{"href":"https:\/\/cg-toyoseiki.com\/en\/wp-json\/wp\/v2\/product\/4566","targetHints":{"allow":["GET"]}}],"collection":[{"href":"https:\/\/cg-toyoseiki.com\/en\/wp-json\/wp\/v2\/product"}],"about":[{"href":"https:\/\/cg-toyoseiki.com\/en\/wp-json\/wp\/v2\/types\/product"}],"wp:featuredmedia":[{"embeddable":true,"href":"https:\/\/cg-toyoseiki.com\/en\/wp-json\/wp\/v2\/media\/4567"}],"wp:attachment":[{"href":"https:\/\/cg-toyoseiki.com\/en\/wp-json\/wp\/v2\/media?parent=4566"}],"curies":[{"name":"wp","href":"https:\/\/api.w.org\/{rel}","templated":true}]}}